{"id":351,"date":"2024-05-13T18:46:27","date_gmt":"2024-05-13T16:46:27","guid":{"rendered":"https:\/\/www.finanzen.net\/ratgeber\/ch\/?page_id=351"},"modified":"2026-02-26T14:59:15","modified_gmt":"2026-02-26T13:59:15","slug":"vergleiche","status":"publish","type":"page","link":"https:\/\/www.finanzen.ch\/ratgeber\/vergleiche\/","title":{"rendered":"Vergleiche"},"content":{"rendered":"\n\n\n    <div class=\"container\">\n                    <h2 class=\"headline headline--h1\">Vergleiche<\/h2>\n        \n        <div class=\"article-teasers\">\n            <div class=\"article-teasers__container-primary\">\n                <div class=\"article-teasers__container-primary-inner\">\n                                                                        <a class=\"article-teaser article-teaser--large article-teaser--1\" href=\"https:\/\/www.finanzen.ch\/ratgeber\/robo-advisor-vergleich\/\">\n                                <div class=\"article-teaser__image\">\n                                    <img loading=\"lazy\" decoding=\"async\" width=\"768\" height=\"353\" src=\"https:\/\/www.finanzen.ch\/ratgeber\/wp-content\/uploads\/sites\/2\/2020\/10\/robo.webp\" class=\"attachment-post-thumbnail size-post-thumbnail wp-post-image\" alt=\"\" srcset=\"https:\/\/www.finanzen.ch\/ratgeber\/wp-content\/uploads\/sites\/2\/2020\/10\/robo.webp 768w, https:\/\/www.finanzen.ch\/ratgeber\/wp-content\/uploads\/sites\/2\/2020\/10\/robo-300x138.webp 300w\" sizes=\"auto, (max-width: 768px) 100vw, 768px\" \/>                                <\/div>\n                                <div class=\"article-teaser__content-container\">\n                                    <div class=\"article-teaser__preline\">\n                                                                            <\/div>\n                                    <h3 class=\"headline headline--h3 article-teaser__headline\">\n                                        Robo-Advisor-Vergleich                                    <\/h3>\n                                    <div class=\"article-teaser__excerpt\">\n                                        <span class=\"article-teaser__excerpt-arrow\">\n                                            Wer wenig Zeit hat, kann sein Geld einfach, g\u00fcnstig und zeitsparend mithilfe von einem Robo-Advisor anlegen. &#8230;                                        <\/span>\n                                    <\/div>\n                                    <span class=\"article-teaser__more-link link link--arrow-right\">\n                                        Mehr erfahren\n                                    <\/span>\n                                <\/div>\n                            <\/a>\n                                                                                                <a class=\"article-teaser article-teaser--large article-teaser--2\" href=\"https:\/\/www.finanzen.ch\/ratgeber\/swissdots-test-und-erfahrungen\/\">\n                                <div class=\"article-teaser__image\">\n                                    <img loading=\"lazy\" decoding=\"async\" width=\"768\" height=\"353\" src=\"https:\/\/www.finanzen.ch\/ratgeber\/wp-content\/uploads\/sites\/2\/2023\/02\/bitpanda.webp\" class=\"attachment-post-thumbnail size-post-thumbnail wp-post-image\" alt=\"\" srcset=\"https:\/\/www.finanzen.ch\/ratgeber\/wp-content\/uploads\/sites\/2\/2023\/02\/bitpanda.webp 768w, https:\/\/www.finanzen.ch\/ratgeber\/wp-content\/uploads\/sites\/2\/2023\/02\/bitpanda-300x138.webp 300w\" sizes=\"auto, (max-width: 768px) 100vw, 768px\" \/>                                <\/div>\n                                <div class=\"article-teaser__content-container\">\n                                    <div class=\"article-teaser__preline\">\n                                                                            <\/div>\n                                    <h3 class=\"headline headline--h3 article-teaser__headline\">\n                                        Swiss DOTS                                    <\/h3>\n                                    <div class=\"article-teaser__excerpt\">\n                                        <span class=\"article-teaser__excerpt-arrow\">\n                                            SwissDots ist ein OTC-Handelsplatz (Over-the-Counter), der von Swissquote betrieben wird. Der Handelsplatz erm\u00f6glicht es Kunden, Hebelprodukte &#8230;                                        <\/span>\n                                    <\/div>\n                                    <span class=\"article-teaser__more-link link link--arrow-right\">\n                                        Mehr erfahren\n                                    <\/span>\n                                <\/div>\n                            <\/a>\n                                                            <\/div>\n            <\/div>\n\n            <div class=\"article-teasers__container-secondary\">\n                                                            <a class=\"article-teaser article-teaser--small article-teaser--3\" href=\"https:\/\/www.finanzen.ch\/ratgeber\/investui-erfahrungen\/\">\n                            <h3 class=\"headline headline--h3 article-teaser__headline\">\n                                Investui                            <\/h3>\n                            <div class=\"article-teaser__excerpt\">\n                                <span class=\"article-teaser__excerpt-arrow\">\n                                    Seit 2018 bietet WH SelfInvest mit Investui einen Service an, mit dem private Investoren mit kurzfristigen &#8230;                                <\/span>\n                            <\/div>\n                            <span class=\"article-teaser__more-link link link--arrow-right\">\n                                Mehr erfahren\n                            <\/span>\n                        <\/a>\n                                                                                <a class=\"article-teaser article-teaser--small article-teaser--4\" href=\"https:\/\/www.finanzen.ch\/ratgeber\/bitpanda-test-erfahrungen\/\">\n                            <h3 class=\"headline headline--h3 article-teaser__headline\">\n                                Bitpanda Erfahrungen                            <\/h3>\n                            <div class=\"article-teaser__excerpt\">\n                                <span class=\"article-teaser__excerpt-arrow\">\n                                    Kryptow\u00e4hrungen erfreuen sich einer immer gr\u00f6\u00dferen Beliebtheit &#8211; und die Nachfrage nach Bitcoin, Ethereum und Co. &#8230;                                <\/span>\n                            <\/div>\n                            <span class=\"article-teaser__more-link link link--arrow-right\">\n                                Mehr erfahren\n                            <\/span>\n                        <\/a>\n                                                                                <a class=\"article-teaser article-teaser--small article-teaser--5\" href=\"https:\/\/www.finanzen.ch\/ratgeber\/admiral-markets-test-erfahrungen\/\">\n                            <h3 class=\"headline headline--h3 article-teaser__headline\">\n                                Admiral Markets                            <\/h3>\n                            <div class=\"article-teaser__excerpt\">\n                                <span class=\"article-teaser__excerpt-arrow\">\n                                    Spekulative Trader, die mit Hebel traden m\u00f6chten, setzen h\u00e4ufig auf CFD- und Forex-Broker. Der 2001 gegr\u00fcndete &#8230;                                <\/span>\n                            <\/div>\n                            <span class=\"article-teaser__more-link link link--arrow-right\">\n                                Mehr erfahren\n                            <\/span>\n                        <\/a>\n                                                <\/div>\n        <\/div>\n    <\/div>\n\n","protected":false},"excerpt":{"rendered":"","protected":false},"author":16,"featured_media":0,"parent":0,"menu_order":0,"comment_status":"closed","ping_status":"closed","template":"","meta":{"_acf_changed":false,"footnotes":""},"class_list":["post-351","page","type-page","status-publish","hentry"],"acf":[],"yoast_head":"<title>Vergleiche - Ratgeber: Wissenswertes rund um die Geldanlage | finanzen.ch<\/title>\n<meta name=\"robots\" content=\"index, follow, max-snippet:-1, max-image-preview:large, max-video-preview:-1\" \/>\n<link rel=\"canonical\" href=\"https:\/\/www.finanzen.ch\/ratgeber\/vergleiche\/\" \/>\n<meta property=\"og:locale\" content=\"de_DE\" \/>\n<meta property=\"og:type\" content=\"article\" \/>\n<meta property=\"og:title\" content=\"Vergleiche - Ratgeber: Wissenswertes rund um die Geldanlage | finanzen.ch\" \/>\n<meta property=\"og:url\" content=\"https:\/\/www.finanzen.ch\/ratgeber\/vergleiche\/\" \/>\n<meta property=\"og:site_name\" content=\"Ratgeber: Wissenswertes rund um die Geldanlage | finanzen.ch\" \/>\n<meta property=\"article:modified_time\" content=\"2026-02-26T13:59:15+00:00\" \/>\n<meta name=\"twitter:card\" content=\"summary_large_image\" \/>","yoast_head_json":{"title":"Vergleiche - Ratgeber: Wissenswertes rund um die Geldanlage | finanzen.ch","robots":{"index":"index","follow":"follow","max-snippet":"max-snippet:-1","max-image-preview":"max-image-preview:large","max-video-preview":"max-video-preview:-1"},"canonical":"https:\/\/www.finanzen.ch\/ratgeber\/vergleiche\/","og_locale":"de_DE","og_type":"article","og_title":"Vergleiche - Ratgeber: Wissenswertes rund um die Geldanlage | finanzen.ch","og_url":"https:\/\/www.finanzen.ch\/ratgeber\/vergleiche\/","og_site_name":"Ratgeber: Wissenswertes rund um die Geldanlage | finanzen.ch","article_modified_time":"2026-02-26T13:59:15+00:00","twitter_card":"summary_large_image","schema":{"@context":"https:\/\/schema.org","@graph":[{"@type":"WebPage","@id":"https:\/\/www.finanzen.ch\/ratgeber\/vergleiche\/","url":"https:\/\/www.finanzen.ch\/ratgeber\/vergleiche\/","name":"Vergleiche - Ratgeber: Wissenswertes rund um die Geldanlage | finanzen.ch","isPartOf":{"@id":"https:\/\/www.finanzen.ch\/ratgeber\/#website"},"datePublished":"2024-05-13T16:46:27+00:00","dateModified":"2026-02-26T13:59:15+00:00","breadcrumb":{"@id":"https:\/\/www.finanzen.ch\/ratgeber\/vergleiche\/#breadcrumb"},"inLanguage":"de-CH","potentialAction":[{"@type":"ReadAction","target":["https:\/\/www.finanzen.ch\/ratgeber\/vergleiche\/"]}]},{"@type":"BreadcrumbList","@id":"https:\/\/www.finanzen.ch\/ratgeber\/vergleiche\/#breadcrumb","itemListElement":[{"@type":"ListItem","position":1,"name":"Startseite","item":"https:\/\/www.finanzen.ch\/ratgeber\/"},{"@type":"ListItem","position":2,"name":"Vergleiche"}]},{"@type":"WebSite","@id":"https:\/\/www.finanzen.ch\/ratgeber\/#website","url":"https:\/\/www.finanzen.ch\/ratgeber\/","name":"Ratgeber: Wissenswertes rund um die Geldanlage | finanzen.ch","description":"","potentialAction":[{"@type":"SearchAction","target":{"@type":"EntryPoint","urlTemplate":"https:\/\/www.finanzen.ch\/ratgeber\/?s={search_term_string}"},"query-input":{"@type":"PropertyValueSpecification","valueRequired":true,"valueName":"search_term_string"}}],"inLanguage":"de-CH"}]}},"_links":{"self":[{"href":"https:\/\/www.finanzen.ch\/ratgeber\/wp-json\/wp\/v2\/pages\/351","targetHints":{"allow":["GET"]}}],"collection":[{"href":"https:\/\/www.finanzen.ch\/ratgeber\/wp-json\/wp\/v2\/pages"}],"about":[{"href":"https:\/\/www.finanzen.ch\/ratgeber\/wp-json\/wp\/v2\/types\/page"}],"author":[{"embeddable":true,"href":"https:\/\/www.finanzen.ch\/ratgeber\/wp-json\/wp\/v2\/users\/16"}],"replies":[{"embeddable":true,"href":"https:\/\/www.finanzen.ch\/ratgeber\/wp-json\/wp\/v2\/comments?post=351"}],"version-history":[{"count":2,"href":"https:\/\/www.finanzen.ch\/ratgeber\/wp-json\/wp\/v2\/pages\/351\/revisions"}],"predecessor-version":[{"id":1803,"href":"https:\/\/www.finanzen.ch\/ratgeber\/wp-json\/wp\/v2\/pages\/351\/revisions\/1803"}],"wp:attachment":[{"href":"https:\/\/www.finanzen.ch\/ratgeber\/wp-json\/wp\/v2\/media?parent=351"}],"curies":[{"name":"wp","href":"https:\/\/api.w.org\/{rel}","templated":true}]}}