{"id":345,"date":"2024-05-13T18:45:16","date_gmt":"2024-05-13T16:45:16","guid":{"rendered":"https:\/\/www.finanzen.net\/ratgeber\/ch\/?page_id=345"},"modified":"2026-02-26T14:59:14","modified_gmt":"2026-02-26T13:59:14","slug":"etf-fonds","status":"publish","type":"page","link":"https:\/\/www.finanzen.ch\/ratgeber\/etf-fonds\/","title":{"rendered":"ETFs &amp; Fonds"},"content":{"rendered":"\n\n\n    <div class=\"container\">\n                    <h2 class=\"headline headline--h1\">Exchange Traded Funds<\/h2>\n        \n        <div class=\"article-teasers\">\n            <div class=\"article-teasers__container-primary\">\n                <div class=\"article-teasers__container-primary-inner\">\n                                                                        <a class=\"article-teaser article-teaser--large article-teaser--1\" href=\"https:\/\/www.finanzen.ch\/ratgeber\/msci-world-etf\/\">\n                                <div class=\"article-teaser__image\">\n                                    <img loading=\"lazy\" decoding=\"async\" width=\"768\" height=\"353\" src=\"https:\/\/www.finanzen.ch\/ratgeber\/wp-content\/uploads\/sites\/2\/2020\/07\/msci.webp\" class=\"attachment-post-thumbnail size-post-thumbnail wp-post-image\" alt=\"\" srcset=\"https:\/\/www.finanzen.ch\/ratgeber\/wp-content\/uploads\/sites\/2\/2020\/07\/msci.webp 768w, https:\/\/www.finanzen.ch\/ratgeber\/wp-content\/uploads\/sites\/2\/2020\/07\/msci-300x138.webp 300w\" sizes=\"auto, (max-width: 768px) 100vw, 768px\" \/>                                <\/div>\n                                <div class=\"article-teaser__content-container\">\n                                    <div class=\"article-teaser__preline\">\n                                                                            <\/div>\n                                    <h3 class=\"headline headline--h3 article-teaser__headline\">\n                                        MSCI World-ETF                                    <\/h3>\n                                    <div class=\"article-teaser__excerpt\">\n                                        <span class=\"article-teaser__excerpt-arrow\">\n                                            Der Weltaktienindex MSCI World gilt als perfektes Basisinvestment. Wer in den vergangenen 20 Jahren mit ETFs &#8230;                                        <\/span>\n                                    <\/div>\n                                    <span class=\"article-teaser__more-link link link--arrow-right\">\n                                        Mehr erfahren\n                                    <\/span>\n                                <\/div>\n                            <\/a>\n                                                                                                <a class=\"article-teaser article-teaser--large article-teaser--2\" href=\"https:\/\/www.finanzen.ch\/ratgeber\/msci-emerging-markets-etf\/\">\n                                <div class=\"article-teaser__image\">\n                                    <img loading=\"lazy\" decoding=\"async\" width=\"768\" height=\"353\" src=\"https:\/\/www.finanzen.ch\/ratgeber\/wp-content\/uploads\/sites\/2\/2020\/07\/msci-emerging.webp\" class=\"attachment-post-thumbnail size-post-thumbnail wp-post-image\" alt=\"\" srcset=\"https:\/\/www.finanzen.ch\/ratgeber\/wp-content\/uploads\/sites\/2\/2020\/07\/msci-emerging.webp 768w, https:\/\/www.finanzen.ch\/ratgeber\/wp-content\/uploads\/sites\/2\/2020\/07\/msci-emerging-300x138.webp 300w\" sizes=\"auto, (max-width: 768px) 100vw, 768px\" \/>                                <\/div>\n                                <div class=\"article-teaser__content-container\">\n                                    <div class=\"article-teaser__preline\">\n                                                                            <\/div>\n                                    <h3 class=\"headline headline--h3 article-teaser__headline\">\n                                        MSCI Emerging Markets-ETF                                    <\/h3>\n                                    <div class=\"article-teaser__excerpt\">\n                                        <span class=\"article-teaser__excerpt-arrow\">\n                                            Mit einem MSCI Emerging Markets-ETF partizipieren Sie an der wirtschaftlichen Entwicklung von Schwellenl\u00e4ndern &#8211; das Potenzial &#8230;                                        <\/span>\n                                    <\/div>\n                                    <span class=\"article-teaser__more-link link link--arrow-right\">\n                                        Mehr erfahren\n                                    <\/span>\n                                <\/div>\n                            <\/a>\n                                                            <\/div>\n            <\/div>\n\n            <div class=\"article-teasers__container-secondary\">\n                                                            <a class=\"article-teaser article-teaser--small article-teaser--3\" href=\"https:\/\/www.finanzen.ch\/ratgeber\/etf-erneuerbare-energien\/\">\n                            <h3 class=\"headline headline--h3 article-teaser__headline\">\n                                Erneuerbare Energien ETF                            <\/h3>\n                            <div class=\"article-teaser__excerpt\">\n                                <span class=\"article-teaser__excerpt-arrow\">\n                                    Die Zukunft nachhaltiger gestalten und die Abh\u00e4ngigkeit von fossilen Energietr\u00e4gern reduzieren &#8211; diese Vorgaben r\u00fccken saubere &#8230;                                <\/span>\n                            <\/div>\n                            <span class=\"article-teaser__more-link link link--arrow-right\">\n                                Mehr erfahren\n                            <\/span>\n                        <\/a>\n                                                                                <a class=\"article-teaser article-teaser--small article-teaser--4\" href=\"https:\/\/www.finanzen.ch\/ratgeber\/stoxx-europe-600-etf\/\">\n                            <h3 class=\"headline headline--h3 article-teaser__headline\">\n                                Stoxx Europe 600-ETF                            <\/h3>\n                            <div class=\"article-teaser__excerpt\">\n                                <span class=\"article-teaser__excerpt-arrow\">\n                                    ETFs auf den STOXX Europe 600 sind nicht nur in Europa besonders beliebt. Denn Sie investieren &#8230;                                <\/span>\n                            <\/div>\n                            <span class=\"article-teaser__more-link link link--arrow-right\">\n                                Mehr erfahren\n                            <\/span>\n                        <\/a>\n                                                                                <a class=\"article-teaser article-teaser--small article-teaser--5\" href=\"https:\/\/www.finanzen.ch\/ratgeber\/investieren-in-gold-etfs\/\">\n                            <h3 class=\"headline headline--h3 article-teaser__headline\">\n                                Gold-ETF                            <\/h3>\n                            <div class=\"article-teaser__excerpt\">\n                                <span class=\"article-teaser__excerpt-arrow\">\n                                    Gold gilt als wertvoller Baustein bei der Geldanlage &#8211; gerade in turbulenten B\u00f6rsenzeiten. Mit Gold-ETFs und &#8230;                                <\/span>\n                            <\/div>\n                            <span class=\"article-teaser__more-link link link--arrow-right\">\n                                Mehr erfahren\n                            <\/span>\n                        <\/a>\n                                                <\/div>\n        <\/div>\n    <\/div>\n\n","protected":false},"excerpt":{"rendered":"","protected":false},"author":16,"featured_media":0,"parent":0,"menu_order":0,"comment_status":"closed","ping_status":"closed","template":"","meta":{"_acf_changed":false,"footnotes":""},"class_list":["post-345","page","type-page","status-publish","hentry"],"acf":[],"yoast_head":"<title>ETFs &amp; Fonds - Ratgeber: Wissenswertes rund um die Geldanlage | finanzen.ch<\/title>\n<meta name=\"robots\" content=\"index, follow, max-snippet:-1, max-image-preview:large, max-video-preview:-1\" \/>\n<link rel=\"canonical\" href=\"https:\/\/www.finanzen.ch\/ratgeber\/etf-fonds\/\" \/>\n<meta property=\"og:locale\" content=\"de_DE\" \/>\n<meta property=\"og:type\" content=\"article\" \/>\n<meta property=\"og:title\" content=\"ETFs &amp; Fonds - Ratgeber: Wissenswertes rund um die Geldanlage | finanzen.ch\" \/>\n<meta property=\"og:url\" content=\"https:\/\/www.finanzen.ch\/ratgeber\/etf-fonds\/\" \/>\n<meta property=\"og:site_name\" content=\"Ratgeber: Wissenswertes rund um die Geldanlage | finanzen.ch\" \/>\n<meta property=\"article:modified_time\" content=\"2026-02-26T13:59:14+00:00\" \/>\n<meta name=\"twitter:card\" content=\"summary_large_image\" \/>","yoast_head_json":{"title":"ETFs &amp; Fonds - Ratgeber: Wissenswertes rund um die Geldanlage | finanzen.ch","robots":{"index":"index","follow":"follow","max-snippet":"max-snippet:-1","max-image-preview":"max-image-preview:large","max-video-preview":"max-video-preview:-1"},"canonical":"https:\/\/www.finanzen.ch\/ratgeber\/etf-fonds\/","og_locale":"de_DE","og_type":"article","og_title":"ETFs &amp; Fonds - Ratgeber: Wissenswertes rund um die Geldanlage | finanzen.ch","og_url":"https:\/\/www.finanzen.ch\/ratgeber\/etf-fonds\/","og_site_name":"Ratgeber: Wissenswertes rund um die Geldanlage | finanzen.ch","article_modified_time":"2026-02-26T13:59:14+00:00","twitter_card":"summary_large_image","schema":{"@context":"https:\/\/schema.org","@graph":[{"@type":"WebPage","@id":"https:\/\/www.finanzen.ch\/ratgeber\/etf-fonds\/","url":"https:\/\/www.finanzen.ch\/ratgeber\/etf-fonds\/","name":"ETFs &amp; Fonds - Ratgeber: Wissenswertes rund um die Geldanlage | finanzen.ch","isPartOf":{"@id":"https:\/\/www.finanzen.ch\/ratgeber\/#website"},"datePublished":"2024-05-13T16:45:16+00:00","dateModified":"2026-02-26T13:59:14+00:00","breadcrumb":{"@id":"https:\/\/www.finanzen.ch\/ratgeber\/etf-fonds\/#breadcrumb"},"inLanguage":"de-CH","potentialAction":[{"@type":"ReadAction","target":["https:\/\/www.finanzen.ch\/ratgeber\/etf-fonds\/"]}]},{"@type":"BreadcrumbList","@id":"https:\/\/www.finanzen.ch\/ratgeber\/etf-fonds\/#breadcrumb","itemListElement":[{"@type":"ListItem","position":1,"name":"Startseite","item":"https:\/\/www.finanzen.ch\/ratgeber\/"},{"@type":"ListItem","position":2,"name":"ETFs &amp; Fonds"}]},{"@type":"WebSite","@id":"https:\/\/www.finanzen.ch\/ratgeber\/#website","url":"https:\/\/www.finanzen.ch\/ratgeber\/","name":"Ratgeber: Wissenswertes rund um die Geldanlage | finanzen.ch","description":"","potentialAction":[{"@type":"SearchAction","target":{"@type":"EntryPoint","urlTemplate":"https:\/\/www.finanzen.ch\/ratgeber\/?s={search_term_string}"},"query-input":{"@type":"PropertyValueSpecification","valueRequired":true,"valueName":"search_term_string"}}],"inLanguage":"de-CH"}]}},"_links":{"self":[{"href":"https:\/\/www.finanzen.ch\/ratgeber\/wp-json\/wp\/v2\/pages\/345","targetHints":{"allow":["GET"]}}],"collection":[{"href":"https:\/\/www.finanzen.ch\/ratgeber\/wp-json\/wp\/v2\/pages"}],"about":[{"href":"https:\/\/www.finanzen.ch\/ratgeber\/wp-json\/wp\/v2\/types\/page"}],"author":[{"embeddable":true,"href":"https:\/\/www.finanzen.ch\/ratgeber\/wp-json\/wp\/v2\/users\/16"}],"replies":[{"embeddable":true,"href":"https:\/\/www.finanzen.ch\/ratgeber\/wp-json\/wp\/v2\/comments?post=345"}],"version-history":[{"count":2,"href":"https:\/\/www.finanzen.ch\/ratgeber\/wp-json\/wp\/v2\/pages\/345\/revisions"}],"predecessor-version":[{"id":1798,"href":"https:\/\/www.finanzen.ch\/ratgeber\/wp-json\/wp\/v2\/pages\/345\/revisions\/1798"}],"wp:attachment":[{"href":"https:\/\/www.finanzen.ch\/ratgeber\/wp-json\/wp\/v2\/media?parent=345"}],"curies":[{"name":"wp","href":"https:\/\/api.w.org\/{rel}","templated":true}]}}